{"id":3,"date":"2022-08-25T16:45:52","date_gmt":"2022-08-25T16:45:52","guid":{"rendered":"https:\/\/boengineering.hu\/ajanlat\/?page_id=3"},"modified":"2022-08-28T12:43:05","modified_gmt":"2022-08-28T12:43:05","slug":"adatkezelesi-tajekoztato","status":"publish","type":"page","link":"https:\/\/boengineering.hu\/ajanlat\/adatkezelesi-tajekoztato\/","title":{"rendered":"Adatkezel\u00e9si t\u00e1j\u00e9koztat\u00f3"},"content":{"rendered":"\n<h3 class=\"wp-block-heading\">1. BEVEZET\u00c9S<\/h3>\n\n\n\n<p>A B&amp;O Kft. (sz\u00e9khely: 2900 Kom\u00e1rom, B\u00e1thory \u00fat 24\/B, ad\u00f3sz\u00e1m: 14881538-2-11., a tov\u00e1bbiakban \u201eSzolg\u00e1ltat\u00f3\u201d vagy \u201eAdatkezel\u0151\u201d), mint adatkezel\u0151, mag\u00e1ra n\u00e9zve k\u00f6telez\u0151nek ismeri el jelen jogi k\u00f6zlem\u00e9ny tartalm\u00e1t. K\u00f6telezetts\u00e9get v\u00e1llal arra, hogy tev\u00e9kenys\u00e9g\u00e9vel kapcsolatos minden adatkezel\u00e9s megfelel a jelen szab\u00e1lyzatban \u00e9s a hat\u00e1lyos jogszab\u00e1lyokban meghat\u00e1rozott elv\u00e1r\u00e1soknak. A Szolg\u00e1ltat\u00f3 adatkezel\u00e9seivel kapcsolatosan felmer\u00fcl\u0151 adatv\u00e9delmi ir\u00e1nyelvek folyamatosan el\u00e9rhet\u0151k a&nbsp;<a href=\"http:\/\/www.boeningeering.hu\/\">www.boeningeering.hu<\/a>&nbsp;weboldal\u00e1n. A B&amp;O Kft. fenntartja mag\u00e1nak a jogot jelen t\u00e1j\u00e9koztat\u00f3 b\u00e1rmikori megv\u00e1ltoztat\u00e1s\u00e1ra. Term\u00e9szetesen az esetleges v\u00e1ltoz\u00e1sokr\u00f3l kell\u0151 id\u0151ben \u00e9rtes\u00edti k\u00f6z\u00f6ns\u00e9g\u00e9t. Amennyiben k\u00e9rd\u00e9se van jelen k\u00f6zlem\u00e9ny\u00fcnkh\u00f6z kapcsol\u00f3d\u00f3an, k\u00e9rj\u00fck, \u00edrja meg nek\u00fcnk az&nbsp;info@boengineering.hu&nbsp;e-mail-c\u00edm\u00fcnkre vagy b\u00e1rmely el\u00e9rhet\u0151s\u00e9g\u00fcnk egyik\u00e9re. A B&amp;O Kft. elk\u00f6telezett \u00fcgyfelei \u00e9s partnerei szem\u00e9lyes adatainak v\u00e9delm\u00e9ben, kiemelten fontosnak tartja \u00fcgyfelei inform\u00e1ci\u00f3s \u00f6nrendelkez\u00e9si jog\u00e1nak tiszteletben tart\u00e1s\u00e1t. A Szolg\u00e1ltat\u00f3 a szem\u00e9lyes adatokat bizalmasan kezeli, \u00e9s megtesz minden olyan biztons\u00e1gi, technikai \u00e9s szervez\u00e9si int\u00e9zked\u00e9st, mely az adatok biztons\u00e1g\u00e1t garant\u00e1lja. Az Adatkezel\u0151 az al\u00e1bbiakban ismerteti adatkezel\u00e9si elveit, bemutatja azokat az elv\u00e1r\u00e1sokat, melyeket saj\u00e1t mag\u00e1val, mint adatkezel\u0151vel szemben megfogalmazott, \u00e9s betart. Adatkezel\u00e9si alapelvei \u00f6sszhangban vannak az adatv\u00e9delemmel kapcsolatos hat\u00e1lyos jogszab\u00e1lyokkal, \u00edgy k\u00fcl\u00f6n\u00f6sen az al\u00e1bbiakkal:<\/p>\n\n\n\n<p>2011. \u00e9vi CXII. t\u00f6rv\u00e9ny \u2013 az inform\u00e1ci\u00f3s \u00f6nrendelkez\u00e9si jogr\u00f3l \u00e9s az inform\u00e1ci\u00f3szabads\u00e1gr\u00f3l;<\/p>\n\n\n\n<p>2012. \u00e9vi V. t\u00f6rv\u00e9ny \u2013 Polg\u00e1ri T\u00f6rv\u00e9nyk\u00f6nyv (Ptk.);<\/p>\n\n\n\n<p>2013. \u00e9vi C. t\u00f6rv\u00e9ny \u2013 a sz\u00e1mvitelr\u0151l (Sz\u00e1mv. tv.);<\/p>\n\n\n\n<p>2014. \u00e9vi CVIII. t\u00f6rv\u00e9ny \u2013 az elektronikus kereskedelmi szolg\u00e1ltat\u00e1sok, valamint az inform\u00e1ci\u00f3s t\u00e1rsadalommal \u00f6sszef\u00fcgg\u0151 szolg\u00e1ltat\u00e1sok egyes k\u00e9rd\u00e9seir\u0151l (Eker. tv.);<\/p>\n\n\n\n<p>2015. \u00e9vi C. t\u00f6rv\u00e9ny \u2013 az elektronikus h\u00edrk\u00f6zl\u00e9sr\u0151l (Eht.);<\/p>\n\n\n\n<p>2016. \u00e9vi XLVIII. t\u00f6rv\u00e9ny \u2013 a gazdas\u00e1gi rekl\u00e1mtev\u00e9kenys\u00e9g alapvet\u0151 felt\u00e9teleir\u0151l \u00e9s egyes korl\u00e1tair\u00f3l (Grt.).<\/p>\n\n\n\n<p><strong>Szolg\u00e1ltat\u00f3, mint adatkezel\u0151 adatai:<\/strong><\/p>\n\n\n\n<p>A szolg\u00e1ltat\u00f3 weboldal\u00e1nak megnevez\u00e9se: www.boengineering.hu<\/p>\n\n\n\n<p>A szolg\u00e1ltat\u00f3 neve: B&amp;O Kft.<\/p>\n\n\n\n<p>A szolg\u00e1ltat\u00f3 sz\u00e9khelye: 2900 Kom\u00e1rom, B\u00e1thory \u00fat 24\/B.<br>C\u00e9gjegyz\u00e9ksz\u00e1ma: 11 09 019541<\/p>\n\n\n\n<p>Ad\u00f3sz\u00e1ma: 14881538-2-11<\/p>\n\n\n\n<p>A szolg\u00e1ltat\u00f3 el\u00e9rhet\u0151s\u00e9ge, az ig\u00e9nybe vev\u0151kkel val\u00f3 kapcsolattart\u00e1sra szolg\u00e1l\u00f3, rendszeresen haszn\u00e1lt elektronikus levelez\u00e9si c\u00edme:&nbsp;info@boengineering.hu<\/p>\n\n\n\n<p>Telefonsz\u00e1ma: +36 34 343&nbsp;441<br>Nyilv\u00e1ntart\u00e1sban bejegyz\u0151 hat\u00f3s\u00e1g neve: Kom\u00e1rom-Esztergom megyei C\u00e9gb\u00edr\u00f3s\u00e1ga<\/p>\n\n\n\n<h3 class=\"wp-block-heading\">2. DEFIN\u00cdCI\u00d3K<\/h3>\n\n\n\n<p>2.1. \u00e9rintett: b\u00e1rmely meghat\u00e1rozott, szem\u00e9lyes adat alapj\u00e1n azonos\u00edtott vagy \u2013 k\u00f6zvetlen\u00fcl vagy k\u00f6zvetve \u2013 azonos\u00edthat\u00f3 term\u00e9szetes szem\u00e9ly;<\/p>\n\n\n\n<p>2.2. szem\u00e9lyes adat: az \u00e9rintettel kapcsolatba hozhat\u00f3 adat \u2013 k\u00fcl\u00f6n\u00f6sen az \u00e9rintett neve, azonos\u00edt\u00f3 jele, valamint egy vagy t\u00f6bb fizikai, fiziol\u00f3giai, ment\u00e1lis, gazdas\u00e1gi, kultur\u00e1lis vagy szoci\u00e1lis azonoss\u00e1g\u00e1ra jellemz\u0151 ismeret \u2013, valamint az abb\u00f3l levonhat\u00f3, az \u00e9rintettre vonatkoz\u00f3 k\u00f6vetkeztet\u00e9s;<\/p>\n\n\n\n<p>2.3. hozz\u00e1j\u00e1rul\u00e1s: az \u00e9rintett k\u00edv\u00e1ns\u00e1g\u00e1nak \u00f6nk\u00e9ntes \u00e9s hat\u00e1rozott kinyilv\u00e1n\u00edt\u00e1sa, amely megfelel\u0151 t\u00e1j\u00e9koztat\u00e1son alapul, \u00e9s amellyel f\u00e9lre\u00e9rthetetlen beleegyez\u00e9s\u00e9t adja a r\u00e1 vonatkoz\u00f3 szem\u00e9lyes adatok &#8211; teljes k\u00f6r\u0171 vagy egyes m\u0171veletekre kiterjed\u0151 &#8211; kezel\u00e9s\u00e9hez;<\/p>\n\n\n\n<p>2.4. tiltakoz\u00e1s: az \u00e9rintett nyilatkozata, amellyel szem\u00e9lyes adatainak kezel\u00e9s\u00e9t kifog\u00e1solja, \u00e9s az adatkezel\u00e9s megsz\u00fcntet\u00e9s\u00e9t, illetve a kezelt adatok t\u00f6rl\u00e9s\u00e9t k\u00e9ri;<\/p>\n\n\n\n<p>2.5. adatkezel\u0151: az a term\u00e9szetes vagy jogi szem\u00e9ly, illetve jogi szem\u00e9lyis\u00e9ggel nem rendelkez\u0151 szervezet, aki vagy amely \u00f6n\u00e1ll\u00f3an vagy m\u00e1sokkal egy\u00fctt az adatok kezel\u00e9s\u00e9nek c\u00e9lj\u00e1t meghat\u00e1rozza, az adatkezel\u00e9sre (bele\u00e9rtve a felhaszn\u00e1lt eszk\u00f6zt) vonatkoz\u00f3 d\u00f6nt\u00e9seket meghozza \u00e9s v\u00e9grehajtja, vagy az \u00e1ltala megb\u00edzott adatfeldolgoz\u00f3val v\u00e9grehajtatja;<\/p>\n\n\n\n<p>2.6. adatkezel\u00e9s: az alkalmazott elj\u00e1r\u00e1st\u00f3l f\u00fcggetlen\u00fcl az adatokon v\u00e9gzett b\u00e1rmely m\u0171velet vagy a m\u0171veletek \u00f6sszess\u00e9ge, \u00edgy k\u00fcl\u00f6n\u00f6sen gy\u0171jt\u00e9se, felv\u00e9tele, r\u00f6gz\u00edt\u00e9se, rendszerez\u00e9se, t\u00e1rol\u00e1sa, megv\u00e1ltoztat\u00e1sa, felhaszn\u00e1l\u00e1sa, lek\u00e9rdez\u00e9se, tov\u00e1bb\u00edt\u00e1sa, nyilv\u00e1noss\u00e1gra hozatala, \u00f6sszehangol\u00e1sa vagy \u00f6sszekapcsol\u00e1sa, z\u00e1rol\u00e1sa, t\u00f6rl\u00e9se \u00e9s megsemmis\u00edt\u00e9se, valamint az adatok tov\u00e1bbi felhaszn\u00e1l\u00e1s\u00e1nak megakad\u00e1lyoz\u00e1sa, f\u00e9nyk\u00e9p-, hang- vagy k\u00e9pfelv\u00e9tel k\u00e9sz\u00edt\u00e9se, valamint a szem\u00e9ly azonos\u00edt\u00e1s\u00e1ra alkalmas fizikai jellemz\u0151k (pl. ujj- vagy teny\u00e9rnyomat, DNS-minta, \u00edriszk\u00e9p) r\u00f6gz\u00edt\u00e9se;<\/p>\n\n\n\n<p>2.7. adattov\u00e1bb\u00edt\u00e1s: az adat meghat\u00e1rozott harmadik szem\u00e9ly sz\u00e1m\u00e1ra t\u00f6rt\u00e9n\u0151 hozz\u00e1f\u00e9rhet\u0151v\u00e9 t\u00e9tele; 2.8. nyilv\u00e1noss\u00e1gra hozatal: az adatot b\u00e1rki sz\u00e1m\u00e1ra t\u00f6rt\u00e9n\u0151 hozz\u00e1f\u00e9rhet\u0151v\u00e9 t\u00e9tele;<\/p>\n\n\n\n<p>2.9. adatt\u00f6rl\u00e9s: az adatok felismerhetetlenn\u00e9 t\u00e9tele oly m\u00f3don, hogy a helyre\u00e1ll\u00edt\u00e1suk t\u00f6bb\u00e9 nem lehets\u00e9ges;<\/p>\n\n\n\n<p>2.10. adatmegjel\u00f6l\u00e9s: az adat azonos\u00edt\u00f3 jelz\u00e9ssel ell\u00e1t\u00e1sa annak megk\u00fcl\u00f6nb\u00f6ztet\u00e9se c\u00e9lj\u00e1b\u00f3l;<\/p>\n\n\n\n<p>2.11. adatz\u00e1rol\u00e1s: az adat azonos\u00edt\u00f3 jelz\u00e9ssel ell\u00e1t\u00e1sa tov\u00e1bbi kezel\u00e9s\u00e9nek v\u00e9gleges vagy meghat\u00e1rozott id\u0151re t\u00f6rt\u00e9n\u0151 korl\u00e1toz\u00e1sa c\u00e9lj\u00e1b\u00f3l;<\/p>\n\n\n\n<p>2.12. adatmegsemmis\u00edt\u00e9s: az adatokat tartalmaz\u00f3 adathordoz\u00f3 teljes fizikai megsemmis\u00edt\u00e9se;<\/p>\n\n\n\n<p>2.13. adatfeldolgoz\u00e1s: az adatkezel\u00e9si m\u0171veletekhez kapcsol\u00f3d\u00f3 technikai feladatok elv\u00e9gz\u00e9se, f\u00fcggetlen\u00fcl a m\u0171veletek v\u00e9grehajt\u00e1s\u00e1hoz alkalmazott m\u00f3dszert\u0151l \u00e9s eszk\u00f6zt\u0151l, valamint az alkalmaz\u00e1s hely\u00e9t\u0151l, felt\u00e9ve, hogy a technikai feladatot az adatokon v\u00e9gzik;<\/p>\n\n\n\n<p>2.14. adatfeldolgoz\u00f3: az a term\u00e9szetes vagy jogi szem\u00e9ly, illetve jogi szem\u00e9lyis\u00e9ggel nem rendelkez\u0151 szervezet, aki, vagy amely az adatkezel\u0151vel k\u00f6t\u00f6tt szerz\u0151d\u00e9se alapj\u00e1n \u2013 bele\u00e9rtve a jogszab\u00e1ly rendelkez\u00e9se alapj\u00e1n t\u00f6rt\u00e9n\u0151 szerz\u0151d\u00e9sk\u00f6t\u00e9st is \u2013 az adatok feldolgoz\u00e1s\u00e1t v\u00e9gzi;<\/p>\n\n\n\n<p>2.15. harmadik szem\u00e9ly: olyan term\u00e9szetes vagy jogi szem\u00e9ly, illetve jogi szem\u00e9lyis\u00e9ggel nem rendelkez\u0151 szervezet, aki vagy amely nem azonos az \u00e9rintettel, az adatkezel\u0151vel vagy az adatfeldolgoz\u00f3val;<\/p>\n\n\n\n<p>2.16. harmadik orsz\u00e1g: minden olyan \u00e1llam, amely nem EGT-\u00e1llam<\/p>\n\n\n\n<h3 class=\"wp-block-heading\">3. A SZEM\u00c9LYES ADATOK K\u00d6RE, AZ ADATKEZEL\u00c9S C\u00c9LJA \u00c9S JOGC\u00cdME<\/h3>\n\n\n\n<p>A B&amp;O Kft. tev\u00e9kenys\u00e9g\u00e9nek adatkezel\u00e9sei \u00f6nk\u00e9ntes hozz\u00e1j\u00e1rul\u00e1son alapulnak. Bizonyos esetekben azonban a megadott adatok egy k\u00f6r\u00e9nek kezel\u00e9s\u00e9t, t\u00e1rol\u00e1s\u00e1t, tov\u00e1bb\u00edt\u00e1s\u00e1t jogszab\u00e1lyok teszik k\u00f6telez\u0151v\u00e9. A Szolg\u00e1ltat\u00f3 felh\u00edvja az adatk\u00f6zl\u0151k figyelm\u00e9t, hogy amennyiben nem saj\u00e1t szem\u00e9lyes adataikat adj\u00e1k meg, az adatk\u00f6zl\u0151 k\u00f6teless\u00e9ge az \u00e9rintett hozz\u00e1j\u00e1rul\u00e1s\u00e1nak beszerz\u00e9se.<\/p>\n\n\n\n<h3 class=\"wp-block-heading\">4. AZ ADATKEZEL\u0150 \u00dcGYF\u00c9LLEVELEZ\u00c9SE<\/h3>\n\n\n\n<p>Amennyiben szolg\u00e1ltat\u00e1saink ig\u00e9nybev\u00e9tele sor\u00e1n k\u00e9rd\u00e9se, probl\u00e9m\u00e1ja van, a jelen t\u00e1j\u00e9koztat\u00f3ban megadott el\u00e9rhet\u0151s\u00e9geken, illetve a honlapon elhelyezett el\u00e9rhet\u0151s\u00e9geken kapcsolatba l\u00e9phet az adatkezel\u0151vel. Az Adatkezel\u0151 a be\u00e9rkezett e-maileket \u00e9s a honlapokon elhelyezett \u0171rlap seg\u00edts\u00e9g\u00e9vel k\u00fcld\u00f6tt \u00fczeneteket a k\u00fcld\u0151 nev\u00e9vel, e-mail-c\u00edm\u00e9vel, sz\u00e1m\u00edt\u00f3g\u00e9p\u00e9nek IP c\u00edm\u00e9vel \u00e9s m\u00e1s, \u00f6nk\u00e9nt megadott szem\u00e9lyes adat\u00e1val bizalmasan kezeli, az \u00fcgyek visszakereshet\u0151s\u00e9ge \u00e9rdek\u00e9ben t\u00e1rolja azokat, am\u00edg azt sz\u00fcks\u00e9gesnek \u00edt\u00e9li meg.<\/p>\n","protected":false},"excerpt":{"rendered":"<p>1. BEVEZET\u00c9S A B&amp;O Kft. (sz\u00e9khely: 2900 Kom\u00e1rom, B\u00e1thory \u00fat 24\/B, ad\u00f3sz\u00e1m: 14881538-2-11., a tov\u00e1bbiakban \u201eSzolg\u00e1ltat\u00f3\u201d vagy \u201eAdatkezel\u0151\u201d), &#8230;<\/p>\n","protected":false},"author":1,"featured_media":0,"parent":0,"menu_order":0,"comment_status":"closed","ping_status":"closed","template":"","meta":{"footnotes":""},"class_list":["post-3","page","type-page","status-publish","hentry"],"_links":{"self":[{"href":"https:\/\/boengineering.hu\/ajanlat\/wp-json\/wp\/v2\/pages\/3","targetHints":{"allow":["GET"]}}],"collection":[{"href":"https:\/\/boengineering.hu\/ajanlat\/wp-json\/wp\/v2\/pages"}],"about":[{"href":"https:\/\/boengineering.hu\/ajanlat\/wp-json\/wp\/v2\/types\/page"}],"author":[{"embeddable":true,"href":"https:\/\/boengineering.hu\/ajanlat\/wp-json\/wp\/v2\/users\/1"}],"replies":[{"embeddable":true,"href":"https:\/\/boengineering.hu\/ajanlat\/wp-json\/wp\/v2\/comments?post=3"}],"version-history":[{"count":2,"href":"https:\/\/boengineering.hu\/ajanlat\/wp-json\/wp\/v2\/pages\/3\/revisions"}],"predecessor-version":[{"id":161,"href":"https:\/\/boengineering.hu\/ajanlat\/wp-json\/wp\/v2\/pages\/3\/revisions\/161"}],"wp:attachment":[{"href":"https:\/\/boengineering.hu\/ajanlat\/wp-json\/wp\/v2\/media?parent=3"}],"curies":[{"name":"wp","href":"https:\/\/api.w.org\/{rel}","templated":true}]}}