{"id":132,"date":"2022-08-28T07:56:27","date_gmt":"2022-08-28T07:56:27","guid":{"rendered":"https:\/\/boengineering.hu\/ajanlat\/?page_id=132"},"modified":"2022-08-28T12:42:14","modified_gmt":"2022-08-28T12:42:14","slug":"impresszum","status":"publish","type":"page","link":"https:\/\/boengineering.hu\/ajanlat\/impresszum\/","title":{"rendered":"Impresszum"},"content":{"rendered":"\n<p><strong>C\u00e9gn\u00e9v<\/strong><\/p>\n\n\n\n<p>B&amp;O Kereskedelmi, Szolg\u00e1ltat\u00f3 \u00e9s Tan\u00e1csad\u00f3 Korl\u00e1tolt Felel\u0151ss\u00e9g\u0171 T\u00e1rsas\u00e1g<\/p>\n\n\n\n<p><strong>Sz\u00e9khely<\/strong><\/p>\n\n\n\n<p>2900 Kom\u00e1rom, B\u00e1thory \u00fat 24\/B<\/p>\n\n\n\n<p><strong>Iroda<\/strong><\/p>\n\n\n\n<p>2900 Kom\u00e1rom, B\u00e1thory \u00fat 24\/B<\/p>\n\n\n\n<p><strong>Email<\/strong><\/p>\n\n\n\n<p>info@boengineering.hu<\/p>\n\n\n\n<p><strong>Telefon<\/strong><\/p>\n\n\n\n<p>+36 34 343 441<\/p>\n\n\n\n<p><strong>C\u00e9gb\u00edr\u00f3s\u00e1g<\/strong><\/p>\n\n\n\n<p>Kom\u00e1rom-Esztergom megyei C\u00e9gb\u00edr\u00f3s\u00e1ga<\/p>\n\n\n\n<p><strong>C\u00e9gjegyz\u00e9ksz\u00e1m<\/strong><\/p>\n\n\n\n<p>11 09 019541<\/p>\n\n\n\n<p><strong>Ad\u00f3sz\u00e1m<\/strong><\/p>\n\n\n\n<p>14881538-2-11<\/p>\n\n\n\n<p><strong>T\u00e1rhelyszolg\u00e1ltat\u00f3 adatai<\/strong><\/p>\n\n\n\n<p>Netezis.hu<br>Netezis Kft.<br>2481 Velence, R\u00e1k\u00f3czi utca 22. 2. \u00e9p.<br>info@netezis.hu<\/p>\n","protected":false},"excerpt":{"rendered":"<p>C\u00e9gn\u00e9v B&amp;O Kereskedelmi, Szolg\u00e1ltat\u00f3 \u00e9s Tan\u00e1csad\u00f3 Korl\u00e1tolt Felel\u0151ss\u00e9g\u0171 T\u00e1rsas\u00e1g Sz\u00e9khely 2900 Kom\u00e1rom, B\u00e1thory \u00fat 24\/B Iroda 2900 Kom\u00e1rom, &#8230;<\/p>\n","protected":false},"author":1,"featured_media":0,"parent":0,"menu_order":0,"comment_status":"closed","ping_status":"closed","template":"","meta":{"footnotes":""},"class_list":["post-132","page","type-page","status-publish","hentry"],"_links":{"self":[{"href":"https:\/\/boengineering.hu\/ajanlat\/wp-json\/wp\/v2\/pages\/132","targetHints":{"allow":["GET"]}}],"collection":[{"href":"https:\/\/boengineering.hu\/ajanlat\/wp-json\/wp\/v2\/pages"}],"about":[{"href":"https:\/\/boengineering.hu\/ajanlat\/wp-json\/wp\/v2\/types\/page"}],"author":[{"embeddable":true,"href":"https:\/\/boengineering.hu\/ajanlat\/wp-json\/wp\/v2\/users\/1"}],"replies":[{"embeddable":true,"href":"https:\/\/boengineering.hu\/ajanlat\/wp-json\/wp\/v2\/comments?post=132"}],"version-history":[{"count":2,"href":"https:\/\/boengineering.hu\/ajanlat\/wp-json\/wp\/v2\/pages\/132\/revisions"}],"predecessor-version":[{"id":160,"href":"https:\/\/boengineering.hu\/ajanlat\/wp-json\/wp\/v2\/pages\/132\/revisions\/160"}],"wp:attachment":[{"href":"https:\/\/boengineering.hu\/ajanlat\/wp-json\/wp\/v2\/media?parent=132"}],"curies":[{"name":"wp","href":"https:\/\/api.w.org\/{rel}","templated":true}]}}